{"id":1685,"date":"2023-09-12T23:56:16","date_gmt":"2023-09-13T05:56:16","guid":{"rendered":"https:\/\/uninnco.mx\/portal\/?page_id=1685"},"modified":"2024-07-10T20:47:07","modified_gmt":"2024-07-11T02:47:07","slug":"licenciatura-en-ciencia-de-datos","status":"publish","type":"page","link":"https:\/\/uninnco.mx\/portal\/licenciatura-en-ciencia-de-datos\/","title":{"rendered":"Licenciatura en Ciencia de Datos"},"content":{"rendered":"\t\t<div data-elementor-type=\"wp-page\" data-elementor-id=\"1685\" class=\"elementor elementor-1685\">\n\t\t\t\t\t\t\t<div class=\"elementor-element elementor-element-fd168c9 e-flex e-con-boxed e-con e-parent\" data-id=\"fd168c9\" data-element_type=\"container\" data-settings=\"{&quot;background_background&quot;:&quot;classic&quot;,&quot;content_width&quot;:&quot;boxed&quot;}\" data-core-v316-plus=\"true\">\n\t\t\t\t\t<div class=\"e-con-inner\">\n\t\t\t\t<div class=\"elementor-element elementor-element-47be928 elementor-widget elementor-widget-heading\" data-id=\"47be928\" data-element_type=\"widget\" data-widget_type=\"heading.default\">\n\t\t\t\t<div class=\"elementor-widget-container\">\n\t\t\t<style>\/*! elementor - v3.16.0 - 20-09-2023 *\/\n.elementor-heading-title{padding:0;margin:0;line-height:1}.elementor-widget-heading .elementor-heading-title[class*=elementor-size-]>a{color:inherit;font-size:inherit;line-height:inherit}.elementor-widget-heading .elementor-heading-title.elementor-size-small{font-size:15px}.elementor-widget-heading .elementor-heading-title.elementor-size-medium{font-size:19px}.elementor-widget-heading .elementor-heading-title.elementor-size-large{font-size:29px}.elementor-widget-heading .elementor-heading-title.elementor-size-xl{font-size:39px}.elementor-widget-heading .elementor-heading-title.elementor-size-xxl{font-size:59px}<\/style><h2 class=\"elementor-heading-title elementor-size-default\">Licenciatura en Ciencia de Datos<\/h2>\t\t<\/div>\n\t\t\t\t<\/div>\n\t\t\t\t<div class=\"elementor-element elementor-element-2f274b1 elementor-widget elementor-widget-heading\" data-id=\"2f274b1\" data-element_type=\"widget\" data-widget_type=\"heading.default\">\n\t\t\t\t<div class=\"elementor-widget-container\">\n\t\t\t<h2 class=\"elementor-heading-title elementor-size-default\">RVOE: SE- 001- 2023-ES<\/h2>\t\t<\/div>\n\t\t\t\t<\/div>\n\t\t\t\t\t<\/div>\n\t\t\t\t<\/div>\n\t\t<div class=\"elementor-element elementor-element-1c4b3ee e-flex e-con-boxed e-con e-parent\" data-id=\"1c4b3ee\" data-element_type=\"container\" data-settings=\"{&quot;background_background&quot;:&quot;classic&quot;,&quot;content_width&quot;:&quot;boxed&quot;}\" data-core-v316-plus=\"true\">\n\t\t\t\t\t<div class=\"e-con-inner\">\n\t\t\t\t<div class=\"elementor-element elementor-element-616d90c elementor-widget elementor-widget-text-editor\" data-id=\"616d90c\" data-element_type=\"widget\" data-widget_type=\"text-editor.default\">\n\t\t\t\t<div class=\"elementor-widget-container\">\n\t\t\t<style>\/*! elementor - v3.16.0 - 20-09-2023 *\/\n.elementor-widget-text-editor.elementor-drop-cap-view-stacked .elementor-drop-cap{background-color:#69727d;color:#fff}.elementor-widget-text-editor.elementor-drop-cap-view-framed .elementor-drop-cap{color:#69727d;border:3px solid;background-color:transparent}.elementor-widget-text-editor:not(.elementor-drop-cap-view-default) .elementor-drop-cap{margin-top:8px}.elementor-widget-text-editor:not(.elementor-drop-cap-view-default) .elementor-drop-cap-letter{width:1em;height:1em}.elementor-widget-text-editor .elementor-drop-cap{float:left;text-align:center;line-height:1;font-size:50px}.elementor-widget-text-editor .elementor-drop-cap-letter{display:inline-block}<\/style>\t\t\t\t<p>El plan de estudios tiene como objetivo formar profesionales capaces de aplicar t\u00e9cnicas y herramientas estad\u00edsticas y computacionales avanzadas para extraer informaci\u00f3n y conocimiento de grandes conjuntos de datos en diferentes \u00e1mbitos, tanto del sector p\u00fablico como privado. La licenciatura es una carrera multidisciplinaria que conjuga competencias de diferentes \u00e1reas como: matem\u00e1ticas, estad\u00edstica, ciencias sociales, finanzas y an\u00e1lisis de datos.<\/p><p><b>DURACI\u00d3N DEL PROGRAMA:\u00a0 NUEVE CUATRIMESTRES<\/b><\/p>\t\t\t\t\t\t<\/div>\n\t\t\t\t<\/div>\n\t\t\t\t\t<\/div>\n\t\t\t\t<\/div>\n\t\t<div class=\"elementor-element elementor-element-3ded7d8 e-flex e-con-boxed e-con e-parent\" data-id=\"3ded7d8\" data-element_type=\"container\" data-settings=\"{&quot;content_width&quot;:&quot;boxed&quot;}\" data-core-v316-plus=\"true\">\n\t\t\t\t\t<div class=\"e-con-inner\">\n\t\t\t\t<div class=\"elementor-element elementor-element-9b3a4e7 elementor-widget elementor-widget-text-editor\" data-id=\"9b3a4e7\" data-element_type=\"widget\" data-widget_type=\"text-editor.default\">\n\t\t\t\t<div class=\"elementor-widget-container\">\n\t\t\t\t\t\t\t<p>PERFIL DE INGRESO.\u00a0<\/p><ul><li>Intereses por las aplicaciones inform\u00e1ticas y la inteligencia de datos.<\/li><li>Comprensi\u00f3n lectora de textos cient\u00edficos y t\u00e9cnicos.<\/li><li>An\u00e1lisis inductivo y deductivo.<\/li><li>Pensamiento matem\u00e1tico.<\/li><\/ul><p><span style=\"font-size: inherit; text-align: inherit; color: var(--theme-text-color); font-family: var(--fontFamily); font-style: var(--fontStyle, inherit); font-weight: var(--fontWeight); letter-spacing: var(--letterSpacing); text-transform: var(--textTransform);\">PERFIL DE EGRESO<\/span><\/p><p>Los egresados de este programa ser\u00e1n profesionales con habilidades en programaci\u00f3n, visualizaci\u00f3n y miner\u00eda de datos, aprendizaje autom\u00e1tico, inteligencia artificial, optimizaci\u00f3n y modelado estad\u00edstico, Entre los conocimientos, habilidades y actitudes que los estudiantes adquirir\u00e1n se encuentran los siguientes:<\/p><ul><li><span style=\"font-size: inherit; text-align: inherit; color: var(--theme-text-color); font-family: var(--fontFamily); font-style: var(--fontStyle, inherit); font-weight: var(--fontWeight); letter-spacing: var(--letterSpacing); text-transform: var(--textTransform);\">Conocimientos avanzados en matem\u00e1ticas y estad\u00edstica aplicables al an\u00e1lisis de datos.<\/span><\/li><li>Habilidades en programaci\u00f3n y lenguaje de programaci\u00f3n como Python y R, Tableu y Excel.<\/li><li>Conocimiento de bases de datos en almacenamiento y sistemas de gesti\u00f3n.<\/li><li>Habilidades en comunicaci\u00f3n para la presentaci\u00f3n y visualizaci\u00f3n de resultados de manera efectiva.<\/li><li>Manejo de t\u00e9cnica de miner\u00eda de datos para descubrir patrones y correlaciones en las bases inform\u00e1ticas.<\/li><\/ul><p><span style=\"font-size: inherit; text-align: inherit; color: var(--theme-text-color); font-family: var(--fontFamily); font-style: var(--fontStyle, inherit); font-weight: var(--fontWeight); letter-spacing: var(--letterSpacing); text-transform: var(--textTransform);\">COMPETENCIAS Y HABILIDADES A DESARROLLAR<\/span><\/p><ul><li>PENSAMIENTO MATEM\u00c1TICO<\/li><li>AN\u00c1LISIS DE DATOS<\/li><li>PROGRAMACI\u00d3N<\/li><li>MODELOS ESTAD\u00cdSTICOS<\/li><\/ul><div>\u00a0<\/div>\t\t\t\t\t\t<\/div>\n\t\t\t\t<\/div>\n\t\t\t\t<div class=\"elementor-element elementor-element-603b338 elementor-mobile-align-center elementor-align-center elementor-widget elementor-widget-button\" data-id=\"603b338\" data-element_type=\"widget\" data-widget_type=\"button.default\">\n\t\t\t\t<div class=\"elementor-widget-container\">\n\t\t\t\t\t<div class=\"elementor-button-wrapper\">\n\t\t\t<a class=\"elementor-button elementor-button-link elementor-size-md elementor-animation-float\" href=\"https:\/\/uninnco.mx\/portal\/wp-content\/uploads\/2024\/07\/10jul2024_LICCIENCIADATOS.pdf\" target=\"_blank\">\n\t\t\t\t\t\t<span class=\"elementor-button-content-wrapper\">\n\t\t\t\t\t\t<span class=\"elementor-button-text\">DESCARGAR PLAN DE ESTUDIOS<\/span>\n\t\t<\/span>\n\t\t\t\t\t<\/a>\n\t\t<\/div>\n\t\t\t\t<\/div>\n\t\t\t\t<\/div>\n\t\t\t\t\t<\/div>\n\t\t\t\t<\/div>\n\t\t\t\t\t\t\t<\/div>\n\t\t","protected":false},"excerpt":{"rendered":"<p>Licenciatura en Ciencia de Datos RVOE: SE- 001- 2023-ES El plan de estudios tiene como objetivo formar profesionales capaces de aplicar t\u00e9cnicas y herramientas estad\u00edsticas y computacionales avanzadas para extraer informaci\u00f3n y conocimiento de grandes conjuntos de datos en diferentes \u00e1mbitos, tanto del sector p\u00fablico como privado. La licenciatura es una carrera multidisciplinaria que conjuga [&hellip;]<\/p>\n","protected":false},"author":1,"featured_media":0,"parent":0,"menu_order":0,"comment_status":"closed","ping_status":"closed","template":"","meta":{"footnotes":""},"class_list":["post-1685","page","type-page","status-publish","hentry"],"blocksy_meta":[],"_links":{"self":[{"href":"https:\/\/uninnco.mx\/portal\/wp-json\/wp\/v2\/pages\/1685","targetHints":{"allow":["GET"]}}],"collection":[{"href":"https:\/\/uninnco.mx\/portal\/wp-json\/wp\/v2\/pages"}],"about":[{"href":"https:\/\/uninnco.mx\/portal\/wp-json\/wp\/v2\/types\/page"}],"author":[{"embeddable":true,"href":"https:\/\/uninnco.mx\/portal\/wp-json\/wp\/v2\/users\/1"}],"replies":[{"embeddable":true,"href":"https:\/\/uninnco.mx\/portal\/wp-json\/wp\/v2\/comments?post=1685"}],"version-history":[{"count":43,"href":"https:\/\/uninnco.mx\/portal\/wp-json\/wp\/v2\/pages\/1685\/revisions"}],"predecessor-version":[{"id":2414,"href":"https:\/\/uninnco.mx\/portal\/wp-json\/wp\/v2\/pages\/1685\/revisions\/2414"}],"wp:attachment":[{"href":"https:\/\/uninnco.mx\/portal\/wp-json\/wp\/v2\/media?parent=1685"}],"curies":[{"name":"wp","href":"https:\/\/api.w.org\/{rel}","templated":true}]}}