{"id":1580,"date":"2023-09-12T22:57:35","date_gmt":"2023-09-13T04:57:35","guid":{"rendered":"https:\/\/uninnco.mx\/portal\/?page_id=1580"},"modified":"2024-07-09T22:12:22","modified_gmt":"2024-07-10T04:12:22","slug":"inscripcion","status":"publish","type":"page","link":"https:\/\/uninnco.mx\/portal\/inscripcion\/","title":{"rendered":"Inscripci\u00f3n"},"content":{"rendered":"\t\t<div data-elementor-type=\"wp-page\" data-elementor-id=\"1580\" class=\"elementor elementor-1580\">\n\t\t\t\t\t\t\t<div class=\"elementor-element elementor-element-fd168c9 e-flex e-con-boxed e-con e-parent\" data-id=\"fd168c9\" data-element_type=\"container\" data-settings=\"{&quot;background_background&quot;:&quot;classic&quot;,&quot;content_width&quot;:&quot;boxed&quot;}\" data-core-v316-plus=\"true\">\n\t\t\t\t\t<div class=\"e-con-inner\">\n\t\t\t\t<div class=\"elementor-element elementor-element-e4521bb elementor-widget elementor-widget-image\" data-id=\"e4521bb\" data-element_type=\"widget\" data-widget_type=\"image.default\">\n\t\t\t\t<div class=\"elementor-widget-container\">\n\t\t\t<style>\/*! elementor - v3.16.0 - 20-09-2023 *\/\n.elementor-widget-image{text-align:center}.elementor-widget-image a{display:inline-block}.elementor-widget-image a img[src$=\".svg\"]{width:48px}.elementor-widget-image img{vertical-align:middle;display:inline-block}<\/style>\t\t\t\t\t\t\t\t\t\t\t\t<img loading=\"lazy\" decoding=\"async\" width=\"300\" height=\"300\" src=\"https:\/\/uninnco.mx\/portal\/wp-content\/uploads\/2023\/09\/LOGO-UNINNCO-JUNIO_circulo-300x300.png\" class=\"attachment-medium size-medium wp-image-1247\" alt=\"\" srcset=\"https:\/\/uninnco.mx\/portal\/wp-content\/uploads\/2023\/09\/LOGO-UNINNCO-JUNIO_circulo-300x300.png 300w, https:\/\/uninnco.mx\/portal\/wp-content\/uploads\/2023\/09\/LOGO-UNINNCO-JUNIO_circulo-1024x1024.png 1024w, https:\/\/uninnco.mx\/portal\/wp-content\/uploads\/2023\/09\/LOGO-UNINNCO-JUNIO_circulo-150x150.png 150w, https:\/\/uninnco.mx\/portal\/wp-content\/uploads\/2023\/09\/LOGO-UNINNCO-JUNIO_circulo-768x768.png 768w, https:\/\/uninnco.mx\/portal\/wp-content\/uploads\/2023\/09\/LOGO-UNINNCO-JUNIO_circulo-1536x1536.png 1536w, https:\/\/uninnco.mx\/portal\/wp-content\/uploads\/2023\/09\/LOGO-UNINNCO-JUNIO_circulo-2048x2048.png 2048w, https:\/\/uninnco.mx\/portal\/wp-content\/uploads\/2023\/09\/elementor\/thumbs\/LOGO-UNINNCO-JUNIO_circulo-qc2e4m5vxvy38x94xwssk485pdx2pivzprq1xwrqn4.png 400w, https:\/\/uninnco.mx\/portal\/wp-content\/uploads\/2023\/09\/elementor\/thumbs\/LOGO-UNINNCO-JUNIO_circulo-qc2e4m5ti6d80wxo432gbyjfmphte0gjy6jpn3takw.png 200w\" sizes=\"auto, (max-width: 300px) 100vw, 300px\" \/>\t\t\t\t\t\t\t\t\t\t\t\t\t\t\t<\/div>\n\t\t\t\t<\/div>\n\t\t\t\t<div class=\"elementor-element elementor-element-ff70864 elementor-widget elementor-widget-heading\" data-id=\"ff70864\" data-element_type=\"widget\" data-widget_type=\"heading.default\">\n\t\t\t\t<div class=\"elementor-widget-container\">\n\t\t\t<style>\/*! elementor - v3.16.0 - 20-09-2023 *\/\n.elementor-heading-title{padding:0;margin:0;line-height:1}.elementor-widget-heading .elementor-heading-title[class*=elementor-size-]>a{color:inherit;font-size:inherit;line-height:inherit}.elementor-widget-heading .elementor-heading-title.elementor-size-small{font-size:15px}.elementor-widget-heading .elementor-heading-title.elementor-size-medium{font-size:19px}.elementor-widget-heading .elementor-heading-title.elementor-size-large{font-size:29px}.elementor-widget-heading .elementor-heading-title.elementor-size-xl{font-size:39px}.elementor-widget-heading .elementor-heading-title.elementor-size-xxl{font-size:59px}<\/style><h2 class=\"elementor-heading-title elementor-size-default\">Registro de Inscripci\u00f3n<\/h2>\t\t<\/div>\n\t\t\t\t<\/div>\n\t\t\t\t\t<\/div>\n\t\t\t\t<\/div>\n\t\t<div class=\"elementor-element elementor-element-1c4b3ee e-flex e-con-boxed e-con e-parent\" data-id=\"1c4b3ee\" data-element_type=\"container\" data-settings=\"{&quot;content_width&quot;:&quot;boxed&quot;}\" data-core-v316-plus=\"true\">\n\t\t\t\t\t<div class=\"e-con-inner\">\n\t\t\t\t<div class=\"elementor-element elementor-element-701ae0e elementor-widget elementor-widget-html\" data-id=\"701ae0e\" data-element_type=\"widget\" data-widget_type=\"html.default\">\n\t\t\t\t<div class=\"elementor-widget-container\">\n\t\t\t[forminator_form id=\"1579\"]\t\t<\/div>\n\t\t\t\t<\/div>\n\t\t\t\t\t<\/div>\n\t\t\t\t<\/div>\n\t\t<div class=\"elementor-element elementor-element-88031cb e-flex e-con-boxed e-con e-parent\" data-id=\"88031cb\" data-element_type=\"container\" data-settings=\"{&quot;background_background&quot;:&quot;classic&quot;,&quot;content_width&quot;:&quot;boxed&quot;}\" data-core-v316-plus=\"true\">\n\t\t\t\t\t<div class=\"e-con-inner\">\n\t\t\t\t<div class=\"elementor-element elementor-element-e8212bc elementor-widget elementor-widget-text-editor\" data-id=\"e8212bc\" data-element_type=\"widget\" data-widget_type=\"text-editor.default\">\n\t\t\t\t<div class=\"elementor-widget-container\">\n\t\t\t<style>\/*! elementor - v3.16.0 - 20-09-2023 *\/\n.elementor-widget-text-editor.elementor-drop-cap-view-stacked .elementor-drop-cap{background-color:#69727d;color:#fff}.elementor-widget-text-editor.elementor-drop-cap-view-framed .elementor-drop-cap{color:#69727d;border:3px solid;background-color:transparent}.elementor-widget-text-editor:not(.elementor-drop-cap-view-default) .elementor-drop-cap{margin-top:8px}.elementor-widget-text-editor:not(.elementor-drop-cap-view-default) .elementor-drop-cap-letter{width:1em;height:1em}.elementor-widget-text-editor .elementor-drop-cap{float:left;text-align:center;line-height:1;font-size:50px}.elementor-widget-text-editor .elementor-drop-cap-letter{display:inline-block}<\/style>\t\t\t\t<p style=\"margin-bottom: 30px; text-align: justify;\"><b style=\"color: #272626; font-family: Poppins, Arial, Helvetica, sans-serif; font-size: 17px; font-style: var(--fontStyle, inherit); letter-spacing: var(--letterSpacing); text-transform: var(--textTransform);\">Paso 3: Verificaci\u00f3n de documentaci\u00f3n<\/b><\/p><p style=\"margin-bottom: 30px; text-align: justify;\"><span style=\"color: #272626; font-family: Poppins, Arial, Helvetica, sans-serif;\"><span style=\"font-size: 17px;\">Una vez que hayas subido todos los documentos, el equipo de control escolar verificar\u00e1 y validar\u00e1 la documentaci\u00f3n.<\/span><\/span><\/p><p style=\"margin-bottom: 30px; text-align: justify;\"><span style=\"color: #272626; font-family: Poppins, Arial, Helvetica, sans-serif;\"><span style=\"font-size: 17px;\"><b>Paso 4: Generaci\u00f3n de ficha de pago<\/b><\/span><\/span><\/p><p style=\"margin-bottom: 30px; text-align: justify;\"><span style=\"color: #272626; font-family: Poppins, Arial, Helvetica, sans-serif;\"><span style=\"font-size: 17px;\">Una vez validada la documentaci\u00f3n, se te enviar\u00e1 la ficha de pago de inscripci\u00f3n con el monto a pagar y tu matr\u00edcula asignada.<\/span><\/span><\/p><p style=\"margin-bottom: 30px; text-align: justify;\"><span style=\"color: #272626; font-family: Poppins, Arial, Helvetica, sans-serif;\"><span style=\"font-size: 17px;\"><b>Paso 5: Env\u00edo de comprobante de pago<\/b><\/span><\/span><\/p><p style=\"margin-bottom: 30px; text-align: justify;\"><span style=\"color: #272626; font-family: Poppins, Arial, Helvetica, sans-serif;\"><span style=\"font-size: 17px;\">Env\u00eda tu comprobante de pago por medio de WhatsApp al n\u00famero: <\/span><\/span><b style=\"color: #272626; font-family: Poppins, Arial, Helvetica, sans-serif; font-size: 17px;\"><i><a href=\"http:\/\/wa.me\/525580357027\">5580357027<\/a><\/i><\/b><span style=\"color: #272626; font-family: Poppins, Arial, Helvetica, sans-serif;\"><span style=\"font-size: 17px;\"> o al correo electr\u00f3nico: <\/span><\/span><span style=\"color: #0071bd; font-family: Poppins, Arial, Helvetica, sans-serif;\"><span style=\"font-size: 17px;\"><b><i><a href=\"mailto:coor.controlescolar@uninnco.net\">coor.controlescolar@uninnco.net<\/a><\/i><\/b><\/span><\/span><span style=\"color: #272626; font-family: Poppins, Arial, Helvetica, sans-serif;\"><span style=\"font-size: 17px;\">.<\/span><\/span><\/p><p style=\"margin-bottom: 30px; text-align: justify;\"><span style=\"color: #272626; font-family: Poppins, Arial, Helvetica, sans-serif;\"><span style=\"font-size: 17px;\"><b>Paso 6: Recepci\u00f3n de usuario y contrase\u00f1a<\/b><\/span><\/span><\/p><p style=\"margin-bottom: 30px; text-align: justify;\"><span style=\"color: #272626; font-family: Poppins, Arial, Helvetica, sans-serif;\"><span style=\"font-size: 17px;\">Una vez que se haya confirmado tu pago, se te enviar\u00e1 tu usuario y contrase\u00f1a por correo electr\u00f3nico para que puedas acceder al campus virtual.<\/span><\/span><\/p><div style=\"text-align: justify;\">\u00a0<\/div>\t\t\t\t\t\t<\/div>\n\t\t\t\t<\/div>\n\t\t\t\t\t<\/div>\n\t\t\t\t<\/div>\n\t\t\t\t\t\t\t<\/div>\n\t\t","protected":false},"excerpt":{"rendered":"<p>Registro de Inscripci\u00f3n [forminator_form id=\u00bb1579&#8243;] Paso 3: Verificaci\u00f3n de documentaci\u00f3n Una vez que hayas subido todos los documentos, el equipo de control escolar verificar\u00e1 y validar\u00e1 la documentaci\u00f3n. Paso 4: Generaci\u00f3n de ficha de pago Una vez validada la documentaci\u00f3n, se te enviar\u00e1 la ficha de pago de inscripci\u00f3n con el monto a pagar y [&hellip;]<\/p>\n","protected":false},"author":1,"featured_media":0,"parent":0,"menu_order":0,"comment_status":"closed","ping_status":"closed","template":"","meta":{"footnotes":""},"class_list":["post-1580","page","type-page","status-publish","hentry"],"blocksy_meta":[],"_links":{"self":[{"href":"https:\/\/uninnco.mx\/portal\/wp-json\/wp\/v2\/pages\/1580","targetHints":{"allow":["GET"]}}],"collection":[{"href":"https:\/\/uninnco.mx\/portal\/wp-json\/wp\/v2\/pages"}],"about":[{"href":"https:\/\/uninnco.mx\/portal\/wp-json\/wp\/v2\/types\/page"}],"author":[{"embeddable":true,"href":"https:\/\/uninnco.mx\/portal\/wp-json\/wp\/v2\/users\/1"}],"replies":[{"embeddable":true,"href":"https:\/\/uninnco.mx\/portal\/wp-json\/wp\/v2\/comments?post=1580"}],"version-history":[{"count":34,"href":"https:\/\/uninnco.mx\/portal\/wp-json\/wp\/v2\/pages\/1580\/revisions"}],"predecessor-version":[{"id":2252,"href":"https:\/\/uninnco.mx\/portal\/wp-json\/wp\/v2\/pages\/1580\/revisions\/2252"}],"wp:attachment":[{"href":"https:\/\/uninnco.mx\/portal\/wp-json\/wp\/v2\/media?parent=1580"}],"curies":[{"name":"wp","href":"https:\/\/api.w.org\/{rel}","templated":true}]}}